{"id":13,"date":"2022-04-08T08:21:00","date_gmt":"2022-04-08T07:21:00","guid":{"rendered":"https:\/\/egg.ulm.schule\/?page_id=13"},"modified":"2026-03-02T10:48:48","modified_gmt":"2026-03-02T09:48:48","slug":"wer-sind-wir","status":"publish","type":"page","link":"https:\/\/gs-eggingen.de\/index.php\/wer-sind-wir\/","title":{"rendered":"Das sind wir"},"content":{"rendered":"<p>Die Grundschule Eggingen als Ulmer Teilort liegt in l\u00e4ndlicher Umgebung und ist von st\u00e4dtischen Einfl\u00fcssen gepr\u00e4gt.<\/p>\n<p>Wir haben momentan zwei jahrgangsgemischte Klassen und unsere Schule hat einen famili\u00e4ren Charakter. Wir verstehen uns als Schulgemeinschaft, in der Sch\u00fclerinnen und Sch\u00fcler optimal voneinander lernen k\u00f6nnen und sich gegenseitig unterst\u00fctzen.<\/p>\n<p>Im Schuljahr 2025\/2026 hat unsere Schule 45 Sch\u00fclerinnen und Sch\u00fcler, 4 Lehrerinnen und eine Religionslehrkraft. Au\u00dferdem haben wir eine p\u00e4dagogische Assistentin.<\/p>\n<p>Unsere angeschlossene Betreuung bietet verl\u00e4ssliche Strukturen f\u00fcr berufst\u00e4tige Eltern. N\u00e4here Informationen dazu finden Sie unter dem Punkt \u201eBetreuungsangebote\u201c.<\/p>\n<p>Wir unterrichten nach dem Churer Modell.<\/p>\n<p>Wir haben eine <strong>Bl\u00e4serklasse<\/strong> an der Grundschule Eggingen. Dieses Angebot besteht in Kooperation mit der Musikschule in Ulm.<\/p>\n<p><img loading=\"lazy\" decoding=\"async\" class=\"alignnone wp-image-962 size-full\" src=\"https:\/\/gs-eggingen.de\/wp-content\/uploads\/2025\/09\/Logo_Musikschule-Ulm.jpg\" alt=\"\" width=\"130\" height=\"65\" \/><\/p>\n<p>Es gibt eine <strong>Chor- und Musical-AG<\/strong> f\u00fcr Klasse 3 und 4.<\/p>\n<p>In Kooperation mit BBU Ratiopharm findet eine <strong>Basketball-AG<\/strong> statt.<\/p>\n<p><img loading=\"lazy\" decoding=\"async\" class=\"alignnone wp-image-963 size-full\" src=\"https:\/\/gs-eggingen.de\/wp-content\/uploads\/2025\/09\/Logo_BBU.png\" alt=\"\" width=\"75\" height=\"75\" \/><\/p>\n<p>Au\u00dferdem sind wir <strong>BISS-Transfer Schule<\/strong> und setzen das <strong>BISS-Lesef\u00f6rderkonzept<\/strong> um.<\/p>\n<p><img loading=\"lazy\" decoding=\"async\" class=\"alignnone wp-image-964 size-full\" src=\"https:\/\/gs-eggingen.de\/wp-content\/uploads\/2025\/09\/Logo_BiSS.jpg\" alt=\"\" width=\"300\" height=\"119\" \/><\/p>\n<p><strong>Waldtage<\/strong> im angrenzenden Bildst\u00f6ckle sind fester Bestandteil unseres Schulkonzepts. Diese finden mit Unterst\u00fctzung von Forst-BW statt.<\/p>\n<p>Wir nehmen am Projekt <strong>\u201eUmwelt macht Schule\u201c<\/strong> der Stadt teil und haben eine Umwelt-AG.<\/p>\n<p><img loading=\"lazy\" decoding=\"async\" class=\"alignnone wp-image-965 size-full\" src=\"https:\/\/gs-eggingen.de\/wp-content\/uploads\/2025\/09\/Logo_Umwelt-macht-Schule.jpg\" alt=\"\" width=\"205\" height=\"250\" \/><\/p>\n<p>Au\u00dferdem nimmt unsere Schule am <strong>EU-Schulfruchtprogramm<\/strong> teil. Mittwochs, donnerstags und freitags erhalten die Sch\u00fclerinnen und Sch\u00fcler in der gro\u00dfen Pause kostenlos geschnittenes Obst und Gem\u00fcse.<\/p>\n<p><img loading=\"lazy\" decoding=\"async\" class=\"alignnone wp-image-966 size-medium\" src=\"https:\/\/gs-eggingen.de\/wp-content\/uploads\/2025\/09\/Logo_Schulfruchtprogramm-300x161.png\" alt=\"\" width=\"300\" height=\"161\" srcset=\"https:\/\/gs-eggingen.de\/wp-content\/uploads\/2025\/09\/Logo_Schulfruchtprogramm-300x161.png 300w, https:\/\/gs-eggingen.de\/wp-content\/uploads\/2025\/09\/Logo_Schulfruchtprogramm.png 446w\" sizes=\"auto, (max-width: 300px) 100vw, 300px\" \/><\/p>\n<p>&nbsp;<\/p>\n","protected":false},"excerpt":{"rendered":"<p>Die Grundschule Eggingen als Ulmer Teilort liegt in l\u00e4ndlicher Umgebung und ist von st\u00e4dtischen Einfl\u00fcssen gepr\u00e4gt. Wir haben momentan zwei jahrgangsgemischte Klassen und unsere Schule hat einen famili\u00e4ren Charakter. Wir verstehen uns als Schulgemeinschaft, in der Sch\u00fclerinnen und Sch\u00fcler optimal &hellip; <a href=\"https:\/\/gs-eggingen.de\/index.php\/wer-sind-wir\/\">Weiterlesen <span class=\"meta-nav\">&rarr;<\/span><\/a><\/p>\n","protected":false},"author":1,"featured_media":0,"parent":0,"menu_order":0,"comment_status":"closed","ping_status":"closed","template":"sidebar-page.php","meta":{"footnotes":""},"class_list":["post-13","page","type-page","status-publish","hentry"],"_links":{"self":[{"href":"https:\/\/gs-eggingen.de\/index.php\/wp-json\/wp\/v2\/pages\/13","targetHints":{"allow":["GET"]}}],"collection":[{"href":"https:\/\/gs-eggingen.de\/index.php\/wp-json\/wp\/v2\/pages"}],"about":[{"href":"https:\/\/gs-eggingen.de\/index.php\/wp-json\/wp\/v2\/types\/page"}],"author":[{"embeddable":true,"href":"https:\/\/gs-eggingen.de\/index.php\/wp-json\/wp\/v2\/users\/1"}],"replies":[{"embeddable":true,"href":"https:\/\/gs-eggingen.de\/index.php\/wp-json\/wp\/v2\/comments?post=13"}],"version-history":[{"count":23,"href":"https:\/\/gs-eggingen.de\/index.php\/wp-json\/wp\/v2\/pages\/13\/revisions"}],"predecessor-version":[{"id":1089,"href":"https:\/\/gs-eggingen.de\/index.php\/wp-json\/wp\/v2\/pages\/13\/revisions\/1089"}],"wp:attachment":[{"href":"https:\/\/gs-eggingen.de\/index.php\/wp-json\/wp\/v2\/media?parent=13"}],"curies":[{"name":"wp","href":"https:\/\/api.w.org\/{rel}","templated":true}]}}