{"id":28,"date":"2022-04-08T08:37:28","date_gmt":"2022-04-08T07:37:28","guid":{"rendered":"https:\/\/egg.ulm.schule\/?page_id=28"},"modified":"2025-09-26T12:23:12","modified_gmt":"2025-09-26T11:23:12","slug":"schulangebote","status":"publish","type":"page","link":"https:\/\/gs-eggingen.de\/index.php\/schulangebote\/","title":{"rendered":"Betreuungsangebote"},"content":{"rendered":"<p><strong>Kernzeitbetreuung \/ Verl\u00e4ssliche Grundschule<\/strong><\/p>\n<p>Wir bieten berufst\u00e4tigen Eltern zuverl\u00e4ssige Betreuungszeiten. Die Kernzeitbetreuung findet bei uns von Montag bis Freitag von 7.30 Uhr bis 8.30 Uhr und von 12.00 Uhr bis 16 Uhr statt.<\/p>\n<p>Die Kernzeitbetreuung findet im Schulhaus statt. Es wird miteinander gespielt, gebastelt, gemalt, gebaut und erz\u00e4hlt. Die Betreuung im Rahmen der verl\u00e4sslichen Grundschule wird durchgef\u00fchrt von Frau Sabine Steiner und Frau Martina N\u00e4gele.<\/p>\n<p>Au\u00dferdem gibt es warmen Mittagstisch an der Grundschule Eggingen. Die Kinder k\u00f6nnen sich daf\u00fcr anmelden. Seit letztem Schuljahr kann in unserer neu eingebauten K\u00fcche frisch gekocht werden.<\/p>\n<p>&nbsp;<\/p>\n<p>&nbsp;<\/p>\n","protected":false},"excerpt":{"rendered":"<p>Kernzeitbetreuung \/ Verl\u00e4ssliche Grundschule Wir bieten berufst\u00e4tigen Eltern zuverl\u00e4ssige Betreuungszeiten. Die Kernzeitbetreuung findet bei uns von Montag bis Freitag von 7.30 Uhr bis 8.30 Uhr und von 12.00 Uhr bis 16 Uhr statt. Die Kernzeitbetreuung findet im Schulhaus statt. Es &hellip; <a href=\"https:\/\/gs-eggingen.de\/index.php\/schulangebote\/\">Weiterlesen <span class=\"meta-nav\">&rarr;<\/span><\/a><\/p>\n","protected":false},"author":1,"featured_media":0,"parent":0,"menu_order":0,"comment_status":"closed","ping_status":"closed","template":"sidebar-page.php","meta":{"footnotes":""},"class_list":["post-28","page","type-page","status-publish","hentry"],"_links":{"self":[{"href":"https:\/\/gs-eggingen.de\/index.php\/wp-json\/wp\/v2\/pages\/28","targetHints":{"allow":["GET"]}}],"collection":[{"href":"https:\/\/gs-eggingen.de\/index.php\/wp-json\/wp\/v2\/pages"}],"about":[{"href":"https:\/\/gs-eggingen.de\/index.php\/wp-json\/wp\/v2\/types\/page"}],"author":[{"embeddable":true,"href":"https:\/\/gs-eggingen.de\/index.php\/wp-json\/wp\/v2\/users\/1"}],"replies":[{"embeddable":true,"href":"https:\/\/gs-eggingen.de\/index.php\/wp-json\/wp\/v2\/comments?post=28"}],"version-history":[{"count":10,"href":"https:\/\/gs-eggingen.de\/index.php\/wp-json\/wp\/v2\/pages\/28\/revisions"}],"predecessor-version":[{"id":990,"href":"https:\/\/gs-eggingen.de\/index.php\/wp-json\/wp\/v2\/pages\/28\/revisions\/990"}],"wp:attachment":[{"href":"https:\/\/gs-eggingen.de\/index.php\/wp-json\/wp\/v2\/media?parent=28"}],"curies":[{"name":"wp","href":"https:\/\/api.w.org\/{rel}","templated":true}]}}