{"id":44,"date":"2022-04-08T09:10:22","date_gmt":"2022-04-08T08:10:22","guid":{"rendered":"https:\/\/egg.ulm.schule\/?page_id=44"},"modified":"2024-12-17T13:53:10","modified_gmt":"2024-12-17T12:53:10","slug":"foerderverein-2","status":"publish","type":"page","link":"https:\/\/gs-eggingen.de\/index.php\/foerderverein-2\/","title":{"rendered":"F\u00f6rderverein"},"content":{"rendered":"<p><strong>Verein zur F\u00f6rderung der Grundschule Ulm-Eggingen e. V.<\/strong><\/p>\n<p><strong><u>Der F\u00f6rderverein stellt sich vor:<\/u><\/strong><\/p>\n<p>Die Grundschulzeit ist pr\u00e4gend f\u00fcr die gesamte Schulzeit unserer Kinder. Je harmonischer und anregender das Kind diesen neuen Lebensabschnitt erlebt, desto leichter wird es sich in den Schulalltag einleben und seine Entwicklungsschritte machen.<\/p>\n<p>Der F\u00f6rderverein hat sich zum Ziel gesetzt, die Schule bei ihren Aufgaben gezielt zu unterst\u00fctzen und den Schulalltag durch zus\u00e4tzliche Angebote, Hilfestellungen und Veranstaltungen zu bereichern. In engem Austausch mit dem Lehrerkollegium erh\u00e4lt die Schule organisatorische, praktische, materielle, finanzielle und ideelle Unterst\u00fctzung.<\/p>\n<p>&nbsp;<\/p>\n<p><strong><u>Unsere bisherigen Aktivit\u00e4ten:<\/u><\/strong><\/p>\n<ul>\n<li>Organisation bzw. Unterst\u00fctzung von Projekten und Schulfesten (Sponsoring Christbaum, Nikolausgeschenke, Abschiedsgeschenke Viertkl\u00e4ssler usw.)<\/li>\n<li>Mitfinanzierung von Theaterbesuchen und anderen kulturellen Aktivit\u00e4ten<\/li>\n<li>Anschaffung von Sport- und Spielger\u00e4ten f\u00fcr die Kinder<\/li>\n<li>Unterst\u00fctzung von einzelnen Sch\u00fclern in Absprache mit dem Lehrerkollegium<\/li>\n<li>finanzielle Unterst\u00fctzung &#8222;Schulobst- und Gem\u00fcseprogramm&#8220;<\/li>\n<li>verschiedenste Versch\u00f6nerungsma\u00dfnahmen an den Au\u00dfenanlagen und Spielger\u00e4ten der Grundschule<\/li>\n<\/ul>\n<p>&nbsp;<\/p>\n<p><strong><u>Ihr Engagement:<\/u><\/strong><\/p>\n<p>Unser Verein ist auf die Mithilfe m\u00f6glichst vieler Eltern und F\u00f6rderer angewiesen. Aus diesem Grund w\u00fcrden wir uns sehr freuen, wenn Sie die Aktivit\u00e4ten durch Ihr Mitwirken, eine Mitgliedschaft oder Spende unterst\u00fctzen. Ihr pers\u00f6nliches und finanzielles Engagement kommt direkt den Kindern an der Grundschule zu Gute.<\/p>\n<p>Wie werde ich Mitglied?<\/p>\n<p>Sie k\u00f6nnen die ausgef\u00fcllte Beitrittserkl\u00e4rung \u00fcber Ihr Kind in der Schule abgeben oder direkt an den F\u00f6rderverein senden. Bei Fragen und Anregungen stehen wir Ihnen gerne jederzeit zur Verf\u00fcgung und freuen uns auf eine gute Zusammenarbeit.<\/p>\n<p>&nbsp;<\/p>\n<p>Verein zur F\u00f6rderung der Grundschule Ulm-Eggingen e.V.<\/p>\n<p>Grundschule Ulm-Eggingen<\/p>\n<p>Am Vogelsang 4<\/p>\n<p>89079 Ulm-Eggingen<\/p>\n<p>@: <a href=\"mailto:foerderverein-gs-eggingen@gmx.de\">foerderverein-gs-eggingen@gmx.de<\/a><\/p>\n<p>&nbsp;<\/p>\n<p><a href=\"https:\/\/eggingen.ulm.schule\/wp-content\/uploads\/2022\/05\/Beitrittserklaerung_Foerderverein-Grundschule-Eggingen.docx\">Beitrittserkl\u00e4rung_F\u00f6rderverein Grundschule Eggingen<\/a><\/p>\n<p><a href=\"https:\/\/eggingen.ulm.schule\/wp-content\/uploads\/2024\/12\/2024_Satzung-des-Vereins-zur-Foerderung-der-Grundschule-Ulm.pdf\">2024_Satzung des Vereins zur F\u00f6rderung der Grundschule Ulm<\/a><\/p>\n<p><strong><u>Datenschutz<\/u><\/strong><\/p>\n<p>Der Verein zur F\u00f6rderung der Grundschule Ulm-Eggingen e. V. nutzt die erhobenen Daten ausschlie\u00dflich zum Zwecke der Mitglieder- bzw. Beitragsverwaltung nach den Kriterien lt. Artikel 6 EU-DSGVO. Eine Weitergabe an Dritte erfolgt nicht oder nur unter Ber\u00fccksichtigung der Datenschutzgesetzgebung oder andere anzuwendenden Rechtsnormen. Die erfassten Daten in der Mitgliederverwaltung werden zwei Jahre nach Beendigung der Vereinsmitgliedschaft gel\u00f6scht. Die L\u00f6schung der erfassten Beitragsverwaltungsdaten erfolgt nach zehn Jahren. F\u00fcr weitergehende Informationen zum Datenschutz beim F\u00f6rderverein der Grundschule kontaktieren Sie uns per E-Mail unter: foerderverein-gs-eggingen@gmx.de<\/p>\n","protected":false},"excerpt":{"rendered":"<p>Verein zur F\u00f6rderung der Grundschule Ulm-Eggingen e. V. Der F\u00f6rderverein stellt sich vor: Die Grundschulzeit ist pr\u00e4gend f\u00fcr die gesamte Schulzeit unserer Kinder. Je harmonischer und anregender das Kind diesen neuen Lebensabschnitt erlebt, desto leichter wird es sich in den &hellip; <a href=\"https:\/\/gs-eggingen.de\/index.php\/foerderverein-2\/\">Weiterlesen <span class=\"meta-nav\">&rarr;<\/span><\/a><\/p>\n","protected":false},"author":1,"featured_media":0,"parent":0,"menu_order":0,"comment_status":"closed","ping_status":"closed","template":"sidebar-page.php","meta":{"footnotes":""},"class_list":["post-44","page","type-page","status-publish","hentry"],"_links":{"self":[{"href":"https:\/\/gs-eggingen.de\/index.php\/wp-json\/wp\/v2\/pages\/44","targetHints":{"allow":["GET"]}}],"collection":[{"href":"https:\/\/gs-eggingen.de\/index.php\/wp-json\/wp\/v2\/pages"}],"about":[{"href":"https:\/\/gs-eggingen.de\/index.php\/wp-json\/wp\/v2\/types\/page"}],"author":[{"embeddable":true,"href":"https:\/\/gs-eggingen.de\/index.php\/wp-json\/wp\/v2\/users\/1"}],"replies":[{"embeddable":true,"href":"https:\/\/gs-eggingen.de\/index.php\/wp-json\/wp\/v2\/comments?post=44"}],"version-history":[{"count":7,"href":"https:\/\/gs-eggingen.de\/index.php\/wp-json\/wp\/v2\/pages\/44\/revisions"}],"predecessor-version":[{"id":865,"href":"https:\/\/gs-eggingen.de\/index.php\/wp-json\/wp\/v2\/pages\/44\/revisions\/865"}],"wp:attachment":[{"href":"https:\/\/gs-eggingen.de\/index.php\/wp-json\/wp\/v2\/media?parent=44"}],"curies":[{"name":"wp","href":"https:\/\/api.w.org\/{rel}","templated":true}]}}