{"id":48,"date":"2022-04-08T09:14:58","date_gmt":"2022-04-08T08:14:58","guid":{"rendered":"https:\/\/egg.ulm.schule\/?page_id=48"},"modified":"2026-03-02T10:45:28","modified_gmt":"2026-03-02T09:45:28","slug":"formulare","status":"publish","type":"page","link":"https:\/\/gs-eggingen.de\/index.php\/formulare\/","title":{"rendered":"Formulare"},"content":{"rendered":"<p>Beitrittserkl\u00e4rung des F\u00f6rdervereins:<\/p>\n<p><a href=\"https:\/\/gs-eggingen.de\/wp-content\/uploads\/2022\/05\/Beitrittserklaerung_Foerderverein-Grundschule-Eggingen.docx\">Beitrittserkl\u00e4rung_F\u00f6rderverein Grundschule Eggingen<\/a><\/p>\n<p>&nbsp;<\/p>\n<p>Entschuldigungsformular:<\/p>\n<p><a href=\"https:\/\/gs-eggingen.de\/wp-content\/uploads\/2022\/06\/Entschuldigungsformular.pdf\">Entschuldigungsformular\u00a0<\/a><\/p>\n<p>&nbsp;<\/p>\n<p>Antrag auf Befreiung vom Unterricht:<\/p>\n<p><a href=\"https:\/\/gs-eggingen.de\/wp-content\/uploads\/2026\/01\/Brief-Antrag-auf-Befreiung-vom-Unterricht.pdf\">Brief Antrag auf Befreiung vom Unterricht<\/a><\/p>\n<p>&nbsp;<\/p>\n<p>&nbsp;<\/p>\n<p>&nbsp;<\/p>\n<p>&nbsp;<\/p>\n","protected":false},"excerpt":{"rendered":"<p>Beitrittserkl\u00e4rung des F\u00f6rdervereins: Beitrittserkl\u00e4rung_F\u00f6rderverein Grundschule Eggingen &nbsp; Entschuldigungsformular: Entschuldigungsformular\u00a0 &nbsp; Antrag auf Befreiung vom Unterricht: Brief Antrag auf Befreiung vom Unterricht &nbsp; &nbsp; &nbsp; &nbsp;<\/p>\n","protected":false},"author":1,"featured_media":0,"parent":0,"menu_order":0,"comment_status":"closed","ping_status":"closed","template":"sidebar-page.php","meta":{"footnotes":""},"class_list":["post-48","page","type-page","status-publish","hentry"],"_links":{"self":[{"href":"https:\/\/gs-eggingen.de\/index.php\/wp-json\/wp\/v2\/pages\/48","targetHints":{"allow":["GET"]}}],"collection":[{"href":"https:\/\/gs-eggingen.de\/index.php\/wp-json\/wp\/v2\/pages"}],"about":[{"href":"https:\/\/gs-eggingen.de\/index.php\/wp-json\/wp\/v2\/types\/page"}],"author":[{"embeddable":true,"href":"https:\/\/gs-eggingen.de\/index.php\/wp-json\/wp\/v2\/users\/1"}],"replies":[{"embeddable":true,"href":"https:\/\/gs-eggingen.de\/index.php\/wp-json\/wp\/v2\/comments?post=48"}],"version-history":[{"count":12,"href":"https:\/\/gs-eggingen.de\/index.php\/wp-json\/wp\/v2\/pages\/48\/revisions"}],"predecessor-version":[{"id":1086,"href":"https:\/\/gs-eggingen.de\/index.php\/wp-json\/wp\/v2\/pages\/48\/revisions\/1086"}],"wp:attachment":[{"href":"https:\/\/gs-eggingen.de\/index.php\/wp-json\/wp\/v2\/media?parent=48"}],"curies":[{"name":"wp","href":"https:\/\/api.w.org\/{rel}","templated":true}]}}