{"id":55,"date":"2022-04-08T09:19:27","date_gmt":"2022-04-08T08:19:27","guid":{"rendered":"https:\/\/egg.ulm.schule\/?page_id=55"},"modified":"2022-06-22T12:38:46","modified_gmt":"2022-06-22T11:38:46","slug":"datenschutz","status":"publish","type":"page","link":"https:\/\/gs-eggingen.de\/index.php\/datenschutz\/","title":{"rendered":"Datenschutz"},"content":{"rendered":"<p><span id=\"page7R_mcid12\" class=\"markedContent\"><span dir=\"ltr\" role=\"presentation\">1.<\/span><strong> <span dir=\"ltr\" role=\"presentation\">Verantwortlicher und Datenschutzbeauftragter<\/span><\/strong><\/span><\/p>\n<p><span id=\"page7R_mcid13\" class=\"markedContent\"><br role=\"presentation\" \/><span dir=\"ltr\" role=\"presentation\">1.1 Verantwortlicher gem. Art. 4 Abs. 7 EU-Datenschutz-Grundverordnung (EU-DSGVO) ist Britta H\u00e4usele, Am Vogelsang 4, 89079 Ulm-Eggingen, eggingen-gs@ulm.de.<\/span><span dir=\"ltr\" role=\"presentation\">\u00a0(siehe unser Impressum).<\/span><\/span><span id=\"page7R_mcid14\" class=\"markedContent\"><br role=\"presentation\" \/><span dir=\"ltr\" role=\"presentation\">1.2 Unseren Datenschutzbeauftragten erreichen Sie unter datenschutz@ssa-bc.kv.bwl.de oder unse<\/span><span dir=\"ltr\" role=\"presentation\">rer Po<\/span><span dir=\"ltr\" role=\"presentation\">stadresse mit dem Zusatz \u201eder Datenschutzbeauftragte\u201c.<\/span><\/span><span id=\"page7R_mcid15\" class=\"markedContent\"><\/span><span id=\"page7R_mcid16\" class=\"markedContent\"><\/span><\/p>\n<p><span id=\"page7R_mcid16\" class=\"markedContent\"><br role=\"presentation\" \/><strong><span dir=\"ltr\" role=\"presentation\">2. Information \u00fcber die Erhebung personenbezogener Daten, Speicherdauer<\/span><\/strong><\/span><\/p>\n<p><span id=\"page7R_mcid17\" class=\"markedContent\"><br role=\"presentation\" \/><span dir=\"ltr\" role=\"presentation\">2.1 Im Folgenden informieren wir \u00fcber die Erhebung personenbezogener Daten bei Nutzung unserer<\/span><br role=\"presentation\" \/><span dir=\"ltr\" role=\"presentation\">Website. Personenbezogene Daten sind alle Daten, die auf Sie pers\u00f6nlich beziehbar sind, z. B. Na<\/span><span dir=\"ltr\" role=\"presentation\">me, Adresse, E-Mail-Adressen, Nutzerverhalten.<\/span><\/span><span id=\"page7R_mcid18\" class=\"markedContent\"><br role=\"presentation\" \/><span dir=\"ltr\" role=\"presentation\">2.2 Bei Ihrer Kontaktaufnahme mit uns per E-Mail oder \u00fcber ein Kontaktformular werden die von Ihnen <\/span><span dir=\"ltr\" role=\"presentation\">mitgeteilten Daten (Ihre E-Mail-Adresse, ggf. Ihr Name und Ihre Telefonnummer) von uns gespeichert, <\/span><span dir=\"ltr\" role=\"presentation\">um Ihre Fragen zu beantworten. Die in diesem Zusammenhang anfallenden Daten l\u00f6schen wir, nach<\/span><span dir=\"ltr\" role=\"presentation\">dem die Speicherung nicht mehr erforderlich ist, oder schr\u00e4nken die Verarbeitung ein, falls gesetzliche<\/span><br role=\"presentation\" \/><span dir=\"ltr\" role=\"presentation\">Aufbewahrungspflichten bestehen.<\/span><\/span><span id=\"page7R_mcid19\" class=\"markedContent\"><br role=\"presentation\" \/><span dir=\"ltr\" role=\"presentation\">2.3 Falls wir f\u00fcr einzelne Funktionen unseres Angebots auf beauftragte Dienstleister zur\u00fcckgreifen<\/span><br role=\"presentation\" \/><span dir=\"ltr\" role=\"presentation\">oder Ihre Daten f\u00fcr werbliche Zwecke nutzen m\u00f6chten, werden wir Sie untenstehend im Detail \u00fcber<\/span><span dir=\"ltr\" role=\"presentation\">die jeweiligen Vorg\u00e4nge informieren. Dabei nennen wir auch die festgelegten Kriterien der Speicher<\/span><span dir=\"ltr\" role=\"presentation\">dauer.<\/span><\/span><span id=\"page7R_mcid20\" class=\"markedContent\"><\/span><span id=\"page7R_mcid21\" class=\"markedContent\"><\/span><\/p>\n<p><span id=\"page7R_mcid21\" class=\"markedContent\"><br role=\"presentation\" \/><strong><span dir=\"ltr\" role=\"presentation\">3. Ihre Rechte<\/span><\/strong><\/span><\/p>\n<p><span id=\"page7R_mcid22\" class=\"markedContent\"><span dir=\"ltr\" role=\"presentation\">3.1 Sie haben gegen\u00fcber uns folgende Rechte hinsichtlich der Sie betreffenden personenbezogenen<\/span><br role=\"presentation\" \/><span dir=\"ltr\" role=\"presentation\">Daten:<\/span><\/span><span id=\"page7R_mcid23\" class=\"markedContent\"><br role=\"presentation\" \/><span dir=\"ltr\" role=\"presentation\">\u2013<\/span> <span dir=\"ltr\" role=\"presentation\">Recht auf Auskunft,<\/span><\/span><span class=\"markedContent\"><br role=\"presentation\" \/><span dir=\"ltr\" role=\"presentation\">\u2013<\/span> <span dir=\"ltr\" role=\"presentation\">Recht auf Berichtigung oder L\u00f6schung,<br \/>\n<span id=\"page9R_mcid0\" class=\"markedContent\">\u2013 Recht auf Einschr\u00e4nkung der Verarbeitung,<\/span><span id=\"page9R_mcid1\" class=\"markedContent\"><br role=\"presentation\" \/>\u2013 Recht auf Widerspruch gegen die Verarbeitung,<\/span><span id=\"page9R_mcid2\" class=\"markedContent\"><br role=\"presentation\" \/>\u2013 Recht auf Daten\u00fcbertragbarkeit.<\/span><span id=\"page9R_mcid3\" class=\"markedContent\"><br role=\"presentation\" \/>3.2 Sie haben zudem das Recht, sich bei einer Datenschutz-Aufsichtsbeh\u00f6rde \u00fcber die Verarbeitung<br role=\"presentation\" \/>Ihrer personenbezogenen Daten durch uns zu beschweren. Die Datenschutzaufsichtsbeh\u00f6rde ist der Landesbeauftragte f\u00fcr den Datenschutz und die Informationsfreiheit (LfDI), K\u00f6nigstrasse 10a, 70173<br role=\"presentation\" \/>Stuttgart.<\/span><span id=\"page9R_mcid4\" class=\"markedContent\"><br role=\"presentation\" \/>3.3 Werden personenbezogene Daten an ein Drittland oder an eine internationale Organisation <\/span><span id=\"page9R_mcid5\" class=\"markedContent\">\u00fcbermittelt, so haben Sie das Recht, \u00fcber die geeigneten Garantien gem\u00e4\u00df Art. 46 EU-DSGVO im Zusammenhang mit der \u00dcbermittlung unterrichtet zu werden.<\/span><span id=\"page9R_mcid6\" class=\"markedContent\"><\/span><span id=\"page9R_mcid7\" class=\"markedContent\"><br role=\"presentation\" \/><\/span><\/span><\/span><\/p>\n<p><span class=\"markedContent\"><span dir=\"ltr\" role=\"presentation\"><strong><span id=\"page9R_mcid7\" class=\"markedContent\">4. Erhebung und Zweck personenbezogener Daten bei Besuch unserer Website<\/span><\/strong><\/span><\/span><\/p>\n<p><span class=\"markedContent\"><span dir=\"ltr\" role=\"presentation\"><span id=\"page9R_mcid8\" class=\"markedContent\"><br role=\"presentation\" \/>4.1 Bei der blo\u00df informatorischen Nutzung der Website, also wenn Sie sich nicht registrieren oder uns anderweitig Informationen \u00fcbermitteln, erheben wir nur die personenbezogenen Daten, die Ihr Browser an unseren Server \u00fcbermittelt. Wenn Sie unsere Website betrachten m\u00f6chten, erheben wir die folgenden Daten, die f\u00fcr uns technisch erforderlich sind, um Ihnen unsere Website anzuzeigen und die Stabilit\u00e4t und Sicherheit zu gew\u00e4hrleisten (Rechtsgrundlage ist Art. 6 Abs. 1 S. 1 lit. f EU-DSGVO):<\/span><span id=\"page9R_mcid9\" class=\"markedContent\"><br role=\"presentation\" \/>\uf0b7 IP-Adresse<\/span><span id=\"page9R_mcid10\" class=\"markedContent\"><br role=\"presentation\" \/>\uf0b7 Datum und Uhrzeit der Anfrage<\/span><span id=\"page9R_mcid11\" class=\"markedContent\"><br role=\"presentation\" \/>\uf0b7 Zeitzonendifferenz zur Greenwich Mean Time (GMT)<\/span><span id=\"page9R_mcid12\" class=\"markedContent\"><br role=\"presentation\" \/>\uf0b7 Inhalt der Anforderung (konkrete Seite)<\/span><span id=\"page9R_mcid13\" class=\"markedContent\"><br role=\"presentation\" \/>\uf0b7 Zugriffsstatus\/HTTP-Statuscode<\/span><span id=\"page9R_mcid14\" class=\"markedContent\"><br role=\"presentation\" \/>\uf0b7 jeweils \u00fcbertragene Datenmenge<\/span><span id=\"page9R_mcid15\" class=\"markedContent\"><br role=\"presentation\" \/>\uf0b7 Website, von der die Anforderung kommt<\/span><span id=\"page9R_mcid16\" class=\"markedContent\"><br role=\"presentation\" \/>\uf0b7 Browser<\/span><span id=\"page9R_mcid17\" class=\"markedContent\"><br role=\"presentation\" \/>\uf0b7 Betriebssystem und dessen Oberfl\u00e4che<\/span><span id=\"page9R_mcid18\" class=\"markedContent\"><br role=\"presentation\" \/>\uf0b7 Sprache und Version der Browsersoftware.<\/span><\/span><\/span><\/p>\n<p><span class=\"markedContent\"><span dir=\"ltr\" role=\"presentation\"><span id=\"page9R_mcid19\" class=\"markedContent\"><br role=\"presentation\" \/>4.2 Zus\u00e4tzlich zu den zuvor genannten Daten werden bei Ihrer Nutzung unserer Website Cookies auf Ihrem Rechner gespeichert. Bei Cookies handelt es sich um kleine Textdateien, die auf Ihrer Festplatte dem von Ihnen verwendeten Browser zugeordnet gespeichert werden und durch welche der Stelle, die den Cookie setzt (hier durch uns), bestimmte Informationen zuflie\u00dfen. Cookies k\u00f6nnen keine Programme ausf\u00fchren oder Viren auf Ihren Computer \u00fcbertragen. Sie dienen dazu, das Internetangebot<br role=\"presentation\" \/>insgesamt nutzerfreundlicher und effektiver zu machen. Sie k\u00f6nnen den Einsatz der Cookies ablehnen.<\/span><\/span><\/span><\/p>\n<p><span class=\"markedContent\"><span dir=\"ltr\" role=\"presentation\"><span id=\"page9R_mcid19\" class=\"markedContent\"><br \/>\n<\/span><span id=\"page9R_mcid20\" class=\"markedContent\"><\/span><\/span><\/span><span class=\"markedContent\"><span dir=\"ltr\" role=\"presentation\"><span id=\"page9R_mcid20\" class=\"markedContent\">4.3 Einsatz von Cookies 1:<\/span><span id=\"page9R_mcid21\" class=\"markedContent\"><br role=\"presentation\" \/>a) Diese Website nutzt folgende Arten von Cookies, deren Umfang und Funktionsweise im Folgenden erl\u00e4utert werden:<\/span><span id=\"page9R_mcid22\" class=\"markedContent\"><br role=\"presentation\" \/>\u2013 Transiente Cookies (dazu b)<\/span><span id=\"page9R_mcid23\" class=\"markedContent\"><br role=\"presentation\" \/>\u2013 Persistente Cookies (dazu c).<\/span><span id=\"page9R_mcid24\" class=\"markedContent\"><br role=\"presentation\" \/>b) Transiente Cookies werden automatisiert gel\u00f6scht, wenn Sie den Browser schlie\u00dfen. Dazu z\u00e4hlen insbesondere die Session-Cookies. Diese speichern eine sogenannte Session-ID, mit welcher sich verschiedene Anfragen Ihres Browsers der gemeinsamen Sitzung zuordnen lassen. Dadurch kann Ihr Rechner wiedererkannt werden, wenn Sie auf unsere Website zur\u00fcckkehren. Die Session-Cookies werden gel\u00f6scht, wenn Sie sich ausloggen oder den Browser schlie\u00dfen.<\/span><span id=\"page9R_mcid25\" class=\"markedContent\"><br role=\"presentation\" \/>c) Persistente Cookies werden automatisiert nach einer vorgegebenen Dauer gel\u00f6scht, die sich je nach Cookie unterscheiden kann. Sie k\u00f6nnen die Cookies in den Sicherheitseinstellungen Ihres Browsers jederzeit l\u00f6schen.<\/span><span id=\"page9R_mcid28\" class=\"markedContent\"><br role=\"presentation\" \/>d) [Die genutzten Flash-Cookies werden nicht durch Ihren Browser erfasst, sondern durch Ihr Flash-Plug-in. Weiterhin nutzen wir HTML5 storage objects, die auf Ihrem Endger\u00e4t abgelegt <span id=\"page11R_mcid0\" class=\"markedContent\">werden. Diese Objekte speichern die erforderlichen Daten unabh\u00e4ngig von Ihrem verwendeten Browser und haben kein automatisches Ablaufdatum. Wenn Sie keine Verarbeitung der Flash-Cookies w\u00fcnschen, m\u00fcssen Sie ein entsprechendes Add-On installieren, z. B. \u201eBetter Privacy\u201c f\u00fcr Mozilla Firefox (https:\/\/addons.mozilla.org\/de\/firefox\/addon\/betterprivacy\/) oder das Adobe- Flash-Killer-Cookie f\u00fcr Google Chrome. Die Nutzung von HTML5 storage objects k\u00f6nnen Sie verhindern, indem Sie in Ihrem Browser den privaten Modus einsetzen. Zudem empfehlen wir, regelm\u00e4\u00dfig Ihre Cookies und den Browser-Verlauf manuell zu l\u00f6schen.]<\/span><\/span><\/span><\/span><\/p>\n<p><span class=\"markedContent\"><span dir=\"ltr\" role=\"presentation\"><span id=\"page9R_mcid28\" class=\"markedContent\"><span id=\"page11R_mcid1\" class=\"markedContent\"><br role=\"presentation\" \/>5. Links auf andere Webseiten<\/span><span id=\"page11R_mcid2\" class=\"markedContent\"><br role=\"presentation\" \/>Wenn wir Links zu Webseiten anderer Organisationen bereitstellen, gilt diese Datenschutzerkl\u00e4rung nicht f\u00fcr die Verarbeitung personenbezogener Daten durch diese Organisation. Wir empfehlen Ihnen daher, die Datenschutzhinweise auf den anderen von Ihnen besuchten Webseiten zu lesen<\/span><br \/>\n<\/span><\/span><\/span><\/p>\n<div class=\"canvasWrapper\"><\/div>\n<p><span id=\"page7R_mcid24\" class=\"markedContent\"><span dir=\"ltr\" role=\"presentation\">\u00a0<\/span><\/span><\/p>\n","protected":false},"excerpt":{"rendered":"<p>1. Verantwortlicher und Datenschutzbeauftragter 1.1 Verantwortlicher gem. Art. 4 Abs. 7 EU-Datenschutz-Grundverordnung (EU-DSGVO) ist Britta H\u00e4usele, Am Vogelsang 4, 89079 Ulm-Eggingen, eggingen-gs@ulm.de.\u00a0(siehe unser Impressum).1.2 Unseren Datenschutzbeauftragten erreichen Sie unter datenschutz@ssa-bc.kv.bwl.de oder unserer Postadresse mit dem Zusatz \u201eder Datenschutzbeauftragte\u201c. 2. Information &hellip; <a href=\"https:\/\/gs-eggingen.de\/index.php\/datenschutz\/\">Weiterlesen <span class=\"meta-nav\">&rarr;<\/span><\/a><\/p>\n","protected":false},"author":1,"featured_media":0,"parent":0,"menu_order":0,"comment_status":"closed","ping_status":"closed","template":"sidebar-page.php","meta":{"footnotes":""},"class_list":["post-55","page","type-page","status-publish","hentry"],"_links":{"self":[{"href":"https:\/\/gs-eggingen.de\/index.php\/wp-json\/wp\/v2\/pages\/55","targetHints":{"allow":["GET"]}}],"collection":[{"href":"https:\/\/gs-eggingen.de\/index.php\/wp-json\/wp\/v2\/pages"}],"about":[{"href":"https:\/\/gs-eggingen.de\/index.php\/wp-json\/wp\/v2\/types\/page"}],"author":[{"embeddable":true,"href":"https:\/\/gs-eggingen.de\/index.php\/wp-json\/wp\/v2\/users\/1"}],"replies":[{"embeddable":true,"href":"https:\/\/gs-eggingen.de\/index.php\/wp-json\/wp\/v2\/comments?post=55"}],"version-history":[{"count":12,"href":"https:\/\/gs-eggingen.de\/index.php\/wp-json\/wp\/v2\/pages\/55\/revisions"}],"predecessor-version":[{"id":270,"href":"https:\/\/gs-eggingen.de\/index.php\/wp-json\/wp\/v2\/pages\/55\/revisions\/270"}],"wp:attachment":[{"href":"https:\/\/gs-eggingen.de\/index.php\/wp-json\/wp\/v2\/media?parent=55"}],"curies":[{"name":"wp","href":"https:\/\/api.w.org\/{rel}","templated":true}]}}